{"id":365,"date":"2021-05-24T16:55:31","date_gmt":"2021-05-24T14:55:31","guid":{"rendered":"https:\/\/catelli.ms-dev.it\/?page_id=365"},"modified":"2021-06-01T16:01:40","modified_gmt":"2021-06-01T14:01:40","slug":"photo-reportage","status":"publish","type":"page","link":"https:\/\/marcocatelli.it\/en\/servizi-immobiliari\/reportage-fotografico\/","title":{"rendered":"Photographic Reportage"},"content":{"rendered":"236+\n\t\t\t\t\trental properties\n\t\t227+\n\t\t\t\t\treal estate for sale\n\t\t2,286+\n\t\t\t\t\tcontracts signed\n<h1>\n\t<\/h1>\n\tWhen promoting a property, quality photographs can be crucial in attracting the interest of searchers.<br>\nWe carry out a complete photo shoot. We take care of your property and make sure it shows its best. Nothing is left to chance, from the high quality equipment used to the carefully designed and selected shots by our staff.","protected":false},"excerpt":{"rendered":"<p>236+ immobili in affitto 227+ immobili in vendita 2,286+ contratti stipulati Quando si promuove un immobile le fotografie di qualit\u00e0 possono essere determinanti per attirare l&#8217;interesse di chi cerca. Realizziamo un completo servizio fotografico. Ci prendiamo cura della tua propriet\u00e0 e facciamo in modo che mostri il meglio di s\u00e9. Niente \u00e8 lasciato al caso, [&hellip;]<\/p>\n","protected":false},"author":1,"featured_media":0,"parent":56,"menu_order":0,"comment_status":"closed","ping_status":"open","template":"","meta":{"_acf_changed":false,"site-sidebar-layout":"default","site-content-layout":"default","ast-site-content-layout":"default","site-content-style":"default","site-sidebar-style":"default","ast-global-header-display":"","ast-banner-title-visibility":"","ast-main-header-display":"","ast-hfb-above-header-display":"","ast-hfb-below-header-display":"","ast-hfb-mobile-header-display":"","site-post-title":"","ast-breadcrumbs-content":"","ast-featured-img":"","footer-sml-layout":"","ast-disable-related-posts":"","theme-transparent-header-meta":"default","adv-header-id-meta":"","stick-header-meta":"default","header-above-stick-meta":"","header-main-stick-meta":"","header-below-stick-meta":"","astra-migrate-meta-layouts":"default","ast-page-background-enabled":"default","ast-page-background-meta":{"desktop":{"background-color":"","background-image":"","background-repeat":"repeat","background-position":"center center","background-size":"auto","background-attachment":"scroll","background-type":"","background-media":"","overlay-type":"","overlay-color":"","overlay-opacity":"","overlay-gradient":""},"tablet":{"background-color":"","background-image":"","background-repeat":"repeat","background-position":"center center","background-size":"auto","background-attachment":"scroll","background-type":"","background-media":"","overlay-type":"","overlay-color":"","overlay-opacity":"","overlay-gradient":""},"mobile":{"background-color":"","background-image":"","background-repeat":"repeat","background-position":"center center","background-size":"auto","background-attachment":"scroll","background-type":"","background-media":"","overlay-type":"","overlay-color":"","overlay-opacity":"","overlay-gradient":""}},"ast-content-background-meta":{"desktop":{"background-color":"var(--ast-global-color-5)","background-image":"","background-repeat":"repeat","background-position":"center center","background-size":"auto","background-attachment":"scroll","background-type":"","background-media":"","overlay-type":"","overlay-color":"","overlay-opacity":"","overlay-gradient":""},"tablet":{"background-color":"var(--ast-global-color-5)","background-image":"","background-repeat":"repeat","background-position":"center center","background-size":"auto","background-attachment":"scroll","background-type":"","background-media":"","overlay-type":"","overlay-color":"","overlay-opacity":"","overlay-gradient":""},"mobile":{"background-color":"var(--ast-global-color-5)","background-image":"","background-repeat":"repeat","background-position":"center center","background-size":"auto","background-attachment":"scroll","background-type":"","background-media":"","overlay-type":"","overlay-color":"","overlay-opacity":"","overlay-gradient":""}},"footnotes":""},"class_list":["post-365","page","type-page","status-publish","hentry"],"acf":[],"_links":{"self":[{"href":"https:\/\/marcocatelli.it\/en\/wp-json\/wp\/v2\/pages\/365","targetHints":{"allow":["GET"]}}],"collection":[{"href":"https:\/\/marcocatelli.it\/en\/wp-json\/wp\/v2\/pages"}],"about":[{"href":"https:\/\/marcocatelli.it\/en\/wp-json\/wp\/v2\/types\/page"}],"author":[{"embeddable":true,"href":"https:\/\/marcocatelli.it\/en\/wp-json\/wp\/v2\/users\/1"}],"replies":[{"embeddable":true,"href":"https:\/\/marcocatelli.it\/en\/wp-json\/wp\/v2\/comments?post=365"}],"version-history":[{"count":0,"href":"https:\/\/marcocatelli.it\/en\/wp-json\/wp\/v2\/pages\/365\/revisions"}],"up":[{"embeddable":true,"href":"https:\/\/marcocatelli.it\/en\/wp-json\/wp\/v2\/pages\/56"}],"wp:attachment":[{"href":"https:\/\/marcocatelli.it\/en\/wp-json\/wp\/v2\/media?parent=365"}],"curies":[{"name":"wp","href":"https:\/\/api.w.org\/{rel}","templated":true}]}}